{"id":2288,"date":"2025-08-27T11:42:33","date_gmt":"2025-08-27T11:42:33","guid":{"rendered":"https:\/\/emmadesign.nl\/?page_id=2288"},"modified":"2025-09-08T15:01:41","modified_gmt":"2025-09-08T15:01:41","slug":"geertrui-konings","status":"publish","type":"page","link":"https:\/\/emmadesign.nl\/index.php\/leiden-gymnastiek-biografie-pagina-s\/geertrui-konings\/","title":{"rendered":"Geertrui Konings"},"content":{"rendered":"<p style=\"text-align: center;\"><span style=\"font-size: 14pt; color: #3366ff;\"><strong><span style=\"font-family: verdana, geneva, sans-serif;\">Geertrui Jacoba Konings<\/span><\/strong><\/span><\/p>\n<p><img loading=\"lazy\" decoding=\"async\" class=\"aligncenter wp-image-2510 \" src=\"https:\/\/emmadesign.nl\/wp-content\/uploads\/2025\/09\/Brunh1910KoningsGeertruidaPortretweb.jpg\" alt=\"\" width=\"258\" height=\"365\" srcset=\"https:\/\/emmadesign.nl\/wp-content\/uploads\/2025\/09\/Brunh1910KoningsGeertruidaPortretweb.jpg 400w, https:\/\/emmadesign.nl\/wp-content\/uploads\/2025\/09\/Brunh1910KoningsGeertruidaPortretweb-212x300.jpg 212w\" sizes=\"auto, (max-width: 258px) 100vw, 258px\" \/><\/p>\n<p style=\"text-align: center;\"><em><span style=\"font-size: 10pt; font-family: verdana, geneva, sans-serif;\">Leiden 28 maart 1890 &#8211; 23 januari 1971\u00a0<\/span><\/em><\/p>\n<p><span style=\"font-family: verdana, geneva, sans-serif; font-size: 10pt;\">Geertrui Jacoba Konings werd geboren op 28 maart 1890 in Leiden, als dochter van de leerlooier en later zakenman Pieter Johannes Konings (1856\u20131926) en Geertrui Johanna Knaap (1858\u20131933). Haar ouders waren sportief ingesteld en lieten hun kinderen, in een tijd dat dat voor meisjes beslist uitzonderlijk was, volop kennismaken met sport en lichamelijke opvoeding.<\/span><\/p>\n<p><span style=\"color: #3366ff;\"><strong><span style=\"font-family: verdana, geneva, sans-serif; font-size: 10pt;\">Opleiding en vorming<\/span><\/strong><\/span><br \/>\n<span style=\"font-family: verdana, geneva, sans-serif; font-size: 10pt;\">Samen met haar oudere zus Maria (Marie) Geertruida Bertha Konings (1884\u20131976) volgde Geertrui een uitgebreide middelbare schoolopleiding in Leiden. De beide zussen deelden een grote belangstelling voor gymnastiek en lichamelijke opvoeding. In 1906 schreven zij zich in aan de Haagsche Academie voor Lichamelijke Opvoeding, waar zij in 1909 het diploma M.O. Lichamelijke Opvoeding behaalden. Daarmee behoorden zij tot de eerste generatie gediplomeerde vrouwelijke gymonderwijzers in Nederland.<\/span><\/p>\n<p><strong><span style=\"font-family: verdana, geneva, sans-serif; font-size: 10pt; color: #3366ff;\">Medeoprichtster van Brunhilde<\/span><\/strong><br \/>\n<span style=\"font-family: verdana, geneva, sans-serif; font-size: 10pt;\">Kort na hun afstuderen besloten de zussen het initiatief te nemen voor een damesgymnastiekvereniging. Op 2 februari 1910 werd in Leiden de vereniging Brunhilde opgericht, de eerste damesgymnastiek- en atletiekvereniging van de stad en de vijfde in Nederland.<\/span><br \/>\n<span style=\"font-family: verdana, geneva, sans-serif; font-size: 10pt;\">Bij de oprichting kreeg de zesentwintigjarige Marie Konings de functie van presidente, en haar zestienjarige jongere zus Geertrui werd gekozen tot secretaresse. Samen met Marie verzorgde zij de lessen: voor meisjes tot 16 jaar als aspiranten, en voor oudere leden als werkende leden. Ook leidden zij vanaf 1916 de damesafdeling van Sparta Leiderdorp.<\/span><br \/>\n<span style=\"font-family: verdana, geneva, sans-serif; font-size: 10pt;\">Geertrui bleek organisatorisch sterk \u00e9n zeer plichtsgetrouw als secretaris. In de cruciale beginjaren van de vereniging was zij, naast haar zus, \u00e9\u00e9n van de pijlers onder de vereniging, zowel in de lespraktijk als in het bestuur.<\/span><\/p>\n<p><span style=\"color: #3366ff;\"><strong><span style=\"font-family: verdana, geneva, sans-serif; font-size: 10pt;\">Huwelijk en emigratie<\/span><\/strong><\/span><br \/>\n<span style=\"font-family: verdana, geneva, sans-serif; font-size: 10pt;\">Op 10 juni 1913 trad Geertrui in het huwelijk met Willem S. J. Kruyfhooft (1883\u20131952), winkelier in manufacturen en meubelen aan de Leidse Haarlemmerstraat. Ze bleef ondanks haar huwelijk actief voor Brunhilde. Gedurende twaalfeneenhalf jaar (van 1910 tot medio 1922) diende zij de vereniging als leidster en secretaresse.<\/span><br \/>\n<span style=\"font-family: verdana, geneva, sans-serif; font-size: 10pt;\">Op 2 augustus 1922 vertrok zij met haar echtgenoot en hun kinderen met de Holland-Amerika Lijn naar de Verenigde Staten, om daar een nieuw bestaan op te bouwen. Haar vertrek betekende een flinke aderlating voor Brunhilde: met haar afscheid verloor de vereniging een stabiele en loyale kracht, die vaak als bemiddelaarster optrad naast de meer flamboyante Marie. <\/span><span style=\"font-family: verdana, geneva, sans-serif; font-size: 10pt;\">Voor haar toewijding werd zij kort voor haar vertrek door de vereniging benoemd tot erelid van Brunhilde.<\/span><\/p>\n<p><span style=\"color: #3366ff;\"><strong><span style=\"font-family: verdana, geneva, sans-serif; font-size: 10pt;\">Betekenis<\/span><\/strong><\/span><br \/>\n<span style=\"font-family: verdana, geneva, sans-serif; font-size: 10pt;\">Geertrui Jacoba Konings wordt herinnerd als een van de pioniersters van de vrouwelijke sportbeweging in Nederland. Samen met haar zus Marie vormde zij de spil van Brunhilde in de vormende jaren 1910\u20131922. Als secretaresse legde zij niet alleen de eerste notulen vast, maar hielp zij ook de structuur en degelijkheid van de vereniging verankeren.<\/span><br \/>\n<span style=\"font-family: verdana, geneva, sans-serif; font-size: 10pt;\">Hoewel haar latere levensloop in de Verenigde Staten minder goed gedocumenteerd is, blijft haar naam onlosmakelijk verbonden met de geschiedenis van de Leidse damesgymnastiek en de doorbraak van sport voor vrouwen in Nederland.<\/span><\/p>\n<p><strong><span style=\"font-family: verdana, geneva, sans-serif; font-size: 10pt; color: #3366ff;\">Samenvatting<\/span><\/strong><br \/>\n<span style=\"font-family: verdana, geneva, sans-serif; font-size: 10pt;\">Geertrui Jacoba Konings (1890\u20131971) was medeoprichtster, secretaresse en leidster van de Leidse damesgymnastiekvereniging Brunhilde, waar zij twaalf jaar lang een bepalende rol speelde, voordat zij met haar gezin emigreerde naar de Verenigde Staten.<\/span><\/p>\n<p>&nbsp;<\/p>\n","protected":false},"excerpt":{"rendered":"<p>Geertrui Jacoba Konings Leiden 28 maart 1890 &#8211; 23 januari 1971\u00a0 Geertrui Jacoba Konings werd geboren op 28 maart 1890 in Leiden, als dochter van de leerlooier en later zakenman Pieter Johannes Konings (1856\u20131926) en Geertrui Johanna Knaap (1858\u20131933). Haar <span class=\"readmore\"><a href=\"https:\/\/emmadesign.nl\/index.php\/leiden-gymnastiek-biografie-pagina-s\/geertrui-konings\/\">Verder met lezen<\/a><\/span><\/p>\n","protected":false},"author":1,"featured_media":0,"parent":2431,"menu_order":9,"comment_status":"closed","ping_status":"closed","template":"","meta":{"footnotes":""},"categories":[],"tags":[],"class_list":["post-2288","page","type-page","status-publish","hentry","wp-image-borders"],"rttpg_featured_image_url":null,"rttpg_author":{"display_name":"admin","author_link":"https:\/\/emmadesign.nl\/index.php\/author\/evdhoeven_n16zumsf\/"},"rttpg_comment":0,"rttpg_category":false,"rttpg_excerpt":"Geertrui Jacoba Konings Leiden 28 maart 1890 &#8211; 23 januari 1971\u00a0 Geertrui Jacoba Konings werd geboren op 28 maart 1890 in Leiden, als dochter van de leerlooier en later zakenman Pieter Johannes Konings (1856\u20131926) en Geertrui Johanna Knaap (1858\u20131933). Haar Verder met lezen","_links":{"self":[{"href":"https:\/\/emmadesign.nl\/index.php\/wp-json\/wp\/v2\/pages\/2288","targetHints":{"allow":["GET"]}}],"collection":[{"href":"https:\/\/emmadesign.nl\/index.php\/wp-json\/wp\/v2\/pages"}],"about":[{"href":"https:\/\/emmadesign.nl\/index.php\/wp-json\/wp\/v2\/types\/page"}],"author":[{"embeddable":true,"href":"https:\/\/emmadesign.nl\/index.php\/wp-json\/wp\/v2\/users\/1"}],"replies":[{"embeddable":true,"href":"https:\/\/emmadesign.nl\/index.php\/wp-json\/wp\/v2\/comments?post=2288"}],"version-history":[{"count":2,"href":"https:\/\/emmadesign.nl\/index.php\/wp-json\/wp\/v2\/pages\/2288\/revisions"}],"predecessor-version":[{"id":2511,"href":"https:\/\/emmadesign.nl\/index.php\/wp-json\/wp\/v2\/pages\/2288\/revisions\/2511"}],"up":[{"embeddable":true,"href":"https:\/\/emmadesign.nl\/index.php\/wp-json\/wp\/v2\/pages\/2431"}],"wp:attachment":[{"href":"https:\/\/emmadesign.nl\/index.php\/wp-json\/wp\/v2\/media?parent=2288"}],"wp:term":[{"taxonomy":"category","embeddable":true,"href":"https:\/\/emmadesign.nl\/index.php\/wp-json\/wp\/v2\/categories?post=2288"},{"taxonomy":"post_tag","embeddable":true,"href":"https:\/\/emmadesign.nl\/index.php\/wp-json\/wp\/v2\/tags?post=2288"}],"curies":[{"name":"wp","href":"https:\/\/api.w.org\/{rel}","templated":true}]}}